{"id":58,"date":"2020-02-26T19:36:02","date_gmt":"2020-02-26T18:36:02","guid":{"rendered":"http:\/\/kinder-therapiezentrum.de\/wordpress\/?page_id=58"},"modified":"2022-10-14T13:11:09","modified_gmt":"2022-10-14T11:11:09","slug":"kontakt","status":"publish","type":"page","link":"https:\/\/kinder-therapiezentrum.de\/wordpress\/kontakt\/","title":{"rendered":"Kontakt"},"content":{"rendered":"\n<p>Vereinbaren Sie gerne &#8211; vorzugsweise per Telefon &#8211; einen Termin mit uns. Wir freuen uns auf Ihr\/e Kinder und Sie!<\/p>\n\n\n\n<p>F\u00fcr Fragen und Anregungen stehen wir Ihnen selbstverst\u00e4ndlich zur Verf\u00fcgung<\/p>\n\n\n\n<p class=\"has-medium-font-size\"><\/p>\n\n\n\n<div class=\"wp-block-media-text alignwide is-stacked-on-mobile\" style=\"grid-template-columns:15% auto\"><figure class=\"wp-block-media-text__media\"><img loading=\"lazy\" decoding=\"async\" width=\"150\" height=\"150\" src=\"https:\/\/kinder-therapiezentrum.de\/wordpress\/wp-content\/uploads\/2022\/04\/cropped-cropped-Logo_links.jpg\" alt=\"\" class=\"wp-image-238 size-full\"\/><\/figure><div class=\"wp-block-media-text__content\">\n<p>Oedemer Weg 80<br>D-21335 L\u00fcneburg<\/p>\n\n\n\n<p>Telefon: 04131 404277<br>Telefax: 04131 2257739<br>E-Mail: <a href=\"mailto:info@kinder-therapiezentrum.de\">info@kinder-therapiezentrum.de<\/a><\/p>\n\n\n\n<p>Parkpl\u00e4tze sind direkt vor der Praxis vorhanden<\/p>\n<\/div><\/div>\n\n\n\n<div class=\"wp-block-media-text alignwide is-stacked-on-mobile\"><figure class=\"wp-block-media-text__media\"><a href=\"https:\/\/www.google.de\/maps\/place\/Oedemer+Weg+80,+21335+L%C3%BCneburg\/@53.2348223,10.3867362,17z\/data=!3m1!4b1!4m5!3m4!1s0x47b1dc497c4123af:0x583d2753fc486083!8m2!3d53.2348191!4d10.3889249?hl=de\" target=\"_blank\" rel=\"noopener\"><img loading=\"lazy\" decoding=\"async\" width=\"550\" height=\"507\" src=\"https:\/\/kinder-therapiezentrum.de\/wordpress\/wp-content\/uploads\/2022\/04\/Stadtplan.jpg\" alt=\"\" class=\"wp-image-224 size-full\" srcset=\"https:\/\/kinder-therapiezentrum.de\/wordpress\/wp-content\/uploads\/2022\/04\/Stadtplan.jpg 550w, https:\/\/kinder-therapiezentrum.de\/wordpress\/wp-content\/uploads\/2022\/04\/Stadtplan-300x277.jpg 300w\" sizes=\"auto, (max-width: 550px) 100vw, 550px\" \/><\/a><\/figure><div class=\"wp-block-media-text__content\">\n<p><\/p>\n<\/div><\/div>\n","protected":false},"excerpt":{"rendered":"<p>Vereinbaren Sie gerne &#8211; vorzugsweise per Telefon &#8211; einen Termin mit uns. Wir freuen uns auf Ihr\/e Kinder und Sie!<\/p>\n","protected":false},"author":1,"featured_media":0,"parent":0,"menu_order":0,"comment_status":"closed","ping_status":"closed","template":"","meta":{"colormag_page_container_layout":"default_layout","colormag_page_sidebar_layout":"default_layout","ngg_post_thumbnail":0,"footnotes":""},"class_list":["post-58","page","type-page","status-publish","hentry"],"_links":{"self":[{"href":"https:\/\/kinder-therapiezentrum.de\/wordpress\/wp-json\/wp\/v2\/pages\/58","targetHints":{"allow":["GET"]}}],"collection":[{"href":"https:\/\/kinder-therapiezentrum.de\/wordpress\/wp-json\/wp\/v2\/pages"}],"about":[{"href":"https:\/\/kinder-therapiezentrum.de\/wordpress\/wp-json\/wp\/v2\/types\/page"}],"author":[{"embeddable":true,"href":"https:\/\/kinder-therapiezentrum.de\/wordpress\/wp-json\/wp\/v2\/users\/1"}],"replies":[{"embeddable":true,"href":"https:\/\/kinder-therapiezentrum.de\/wordpress\/wp-json\/wp\/v2\/comments?post=58"}],"version-history":[{"count":15,"href":"https:\/\/kinder-therapiezentrum.de\/wordpress\/wp-json\/wp\/v2\/pages\/58\/revisions"}],"predecessor-version":[{"id":355,"href":"https:\/\/kinder-therapiezentrum.de\/wordpress\/wp-json\/wp\/v2\/pages\/58\/revisions\/355"}],"wp:attachment":[{"href":"https:\/\/kinder-therapiezentrum.de\/wordpress\/wp-json\/wp\/v2\/media?parent=58"}],"curies":[{"name":"wp","href":"https:\/\/api.w.org\/{rel}","templated":true}]}}