{"id":56,"date":"2020-02-26T19:35:41","date_gmt":"2020-02-26T18:35:41","guid":{"rendered":"http:\/\/kinder-therapiezentrum.de\/wordpress\/?page_id=56"},"modified":"2025-04-13T14:36:37","modified_gmt":"2025-04-13T12:36:37","slug":"therapien","status":"publish","type":"page","link":"https:\/\/kinder-therapiezentrum.de\/wordpress\/therapien\/","title":{"rendered":"Therapien"},"content":{"rendered":"\n<figure class=\"wp-block-gallery has-nested-images columns-default is-cropped wp-block-gallery-1 is-layout-flex wp-block-gallery-is-layout-flex\">\n<figure class=\"wp-block-image size-full\"><img loading=\"lazy\" decoding=\"async\" width=\"467\" height=\"700\" data-id=\"174\" src=\"https:\/\/kinder-therapiezentrum.de\/wordpress\/wp-content\/uploads\/2022\/03\/IMG_9624.jpg\" alt=\"\" class=\"wp-image-174\" srcset=\"https:\/\/kinder-therapiezentrum.de\/wordpress\/wp-content\/uploads\/2022\/03\/IMG_9624.jpg 467w, https:\/\/kinder-therapiezentrum.de\/wordpress\/wp-content\/uploads\/2022\/03\/IMG_9624-200x300.jpg 200w\" sizes=\"auto, (max-width: 467px) 100vw, 467px\" \/><\/figure>\n\n\n\n<figure class=\"wp-block-image size-large\"><img loading=\"lazy\" decoding=\"async\" width=\"467\" height=\"700\" data-id=\"179\" src=\"https:\/\/kinder-therapiezentrum.de\/wordpress\/wp-content\/uploads\/2022\/03\/IMG_9534.jpg\" alt=\"\" class=\"wp-image-179\" srcset=\"https:\/\/kinder-therapiezentrum.de\/wordpress\/wp-content\/uploads\/2022\/03\/IMG_9534.jpg 467w, https:\/\/kinder-therapiezentrum.de\/wordpress\/wp-content\/uploads\/2022\/03\/IMG_9534-200x300.jpg 200w\" sizes=\"auto, (max-width: 467px) 100vw, 467px\" \/><\/figure>\n\n\n\n<figure class=\"wp-block-image size-full\"><img loading=\"lazy\" decoding=\"async\" width=\"467\" height=\"700\" data-id=\"176\" src=\"https:\/\/kinder-therapiezentrum.de\/wordpress\/wp-content\/uploads\/2022\/03\/IMG_9676.jpg\" alt=\"\" class=\"wp-image-176\" srcset=\"https:\/\/kinder-therapiezentrum.de\/wordpress\/wp-content\/uploads\/2022\/03\/IMG_9676.jpg 467w, https:\/\/kinder-therapiezentrum.de\/wordpress\/wp-content\/uploads\/2022\/03\/IMG_9676-200x300.jpg 200w\" sizes=\"auto, (max-width: 467px) 100vw, 467px\" \/><\/figure>\n<\/figure>\n\n\n\n<p style=\"font-size:30px\"><strong>Therapien<\/strong><\/p>\n\n\n\n<ul class=\"wp-block-list\">\n<li><a href=\"https:\/\/ifk.de\/patienteninformation\/therapien\/361\/bobath-therapie-kinder\" target=\"_blank\" rel=\"noreferrer noopener\">Bobath-Therapie<\/a> (&#8222;KG ZNS Kinder&#8220;)<\/li>\n\n\n\n<li><a href=\"https:\/\/ifk.de\/patienteninformation\/therapien\/30\/vojta-therapie\" target=\"_blank\" rel=\"noreferrer noopener\">Vojta-Therapie<\/a> (&#8222;KG ZNS Kinder&#8220;)<\/li>\n\n\n\n<li>Krankengymnastik\/ Physiotherapie (&#8222;KG&#8220;)<\/li>\n\n\n\n<li><a href=\"https:\/\/gsid.de\/was-ist-si\/\" target=\"_blank\" rel=\"noreferrer noopener\">sensorische Integrationsbehandlung<\/a> n. Jean Ayres<\/li>\n\n\n\n<li><a href=\"https:\/\/medlexi.de\/Psychomotorik\" target=\"_blank\" rel=\"noreferrer noopener\">psychomotorische Behandlung<\/a> n. Prof. Kiphard<\/li>\n\n\n\n<li><a href=\"https:\/\/de.m.wikipedia.org\/wiki\/Cranio-Sacral-Therapie\" target=\"_blank\" rel=\"noreferrer noopener\">Cranio-Sacral-Therapie<\/a> n. Upledger<\/li>\n\n\n\n<li>Handling<\/li>\n\n\n\n<li>Beratung zur (fr\u00fch-)kindlichen Entwicklung<\/li>\n\n\n\n<li><a href=\"https:\/\/www.ziff.de\/ziff-lexikon\/affolter-methode\/\" target=\"_blank\" rel=\"noreferrer noopener\">Behandlung n. Affolter<\/a><\/li>\n<\/ul>\n\n\n\n<p>Zu uns kommen Kinder u.a. mit folgenden Schwierigkeiten\/Diagnosen<\/p>\n\n\n\n<ul class=\"wp-block-list\">\n<li>Risikobabys, wie Fr\u00fchgeborene, Mehrlingskinder<\/li>\n\n\n\n<li>Asymmetrie (&#8222;Lieblingsseite&#8220;)<\/li>\n\n\n\n<li>Kopfverformungen (Brachy-\/ Plagiocephalie)<\/li>\n\n\n\n<li>Torticollis (&#8222;Schiefhals&#8220;), Kiss-Syndrom<\/li>\n\n\n\n<li>Entwicklungsverz\u00f6gerungen<\/li>\n\n\n\n<li>Koordinationsschwierigkeiten<\/li>\n\n\n\n<li>Probleme bei der Wahrnehmungsverarbeitung<\/li>\n\n\n\n<li>Verhaltensauff\u00e4lligkeiten wie ADS, ADHS, \u00c4ngstlichkeit<\/li>\n\n\n\n<li>cerebrale St\u00f6rungen wie Hypo-\/ Hypertonus, Spastik, Athetose, Ataxie<\/li>\n\n\n\n<li>Fu\u00dfdeformit\u00e4ten wie Klump-\/ Hacken-\/ Spitz\/ Hohlf\u00fc\u00dfe<\/li>\n\n\n\n<li>Orthop\u00e4dische Auff\u00e4lligkeiten wie Skoliose, Haltungsschw\u00e4che, Beindeformit\u00e4ten, M. Perthes, Platt-\/ Senk-\/ Spreizf\u00fc\u00dfe<\/li>\n\n\n\n<li>Syndromerkrankungen wie Rhett-Syndrom, Marfan-Syndrom, Pierre-Robin-Syndrom, Prader-Willi-Syndrom<\/li>\n\n\n\n<li>Muskelerkrankungen wie Muskeldystrophie<\/li>\n\n\n\n<li>Erb`sche L\u00e4hmung<\/li>\n\n\n\n<li>Spina bifida<\/li>\n\n\n\n<li>Glasknochenkrankheit<\/li>\n\n\n\n<li>Onkologische Erkrankungen <\/li>\n<\/ul>\n\n\n\n<p><\/p>\n","protected":false},"excerpt":{"rendered":"<p>Therapien Zu uns kommen Kinder u.a. mit folgenden Schwierigkeiten\/Diagnosen<\/p>\n","protected":false},"author":1,"featured_media":0,"parent":0,"menu_order":0,"comment_status":"closed","ping_status":"closed","template":"","meta":{"colormag_page_container_layout":"no_sidebar_full_width","colormag_page_sidebar_layout":"no_sidebar","ngg_post_thumbnail":0,"footnotes":""},"class_list":["post-56","page","type-page","status-publish","hentry"],"_links":{"self":[{"href":"https:\/\/kinder-therapiezentrum.de\/wordpress\/wp-json\/wp\/v2\/pages\/56","targetHints":{"allow":["GET"]}}],"collection":[{"href":"https:\/\/kinder-therapiezentrum.de\/wordpress\/wp-json\/wp\/v2\/pages"}],"about":[{"href":"https:\/\/kinder-therapiezentrum.de\/wordpress\/wp-json\/wp\/v2\/types\/page"}],"author":[{"embeddable":true,"href":"https:\/\/kinder-therapiezentrum.de\/wordpress\/wp-json\/wp\/v2\/users\/1"}],"replies":[{"embeddable":true,"href":"https:\/\/kinder-therapiezentrum.de\/wordpress\/wp-json\/wp\/v2\/comments?post=56"}],"version-history":[{"count":20,"href":"https:\/\/kinder-therapiezentrum.de\/wordpress\/wp-json\/wp\/v2\/pages\/56\/revisions"}],"predecessor-version":[{"id":496,"href":"https:\/\/kinder-therapiezentrum.de\/wordpress\/wp-json\/wp\/v2\/pages\/56\/revisions\/496"}],"wp:attachment":[{"href":"https:\/\/kinder-therapiezentrum.de\/wordpress\/wp-json\/wp\/v2\/media?parent=56"}],"curies":[{"name":"wp","href":"https:\/\/api.w.org\/{rel}","templated":true}]}}