{"id":52,"date":"2020-02-26T19:34:32","date_gmt":"2020-02-26T18:34:32","guid":{"rendered":"http:\/\/kinder-therapiezentrum.de\/wordpress\/?page_id=52"},"modified":"2024-10-01T12:16:17","modified_gmt":"2024-10-01T10:16:17","slug":"praxis","status":"publish","type":"page","link":"https:\/\/kinder-therapiezentrum.de\/wordpress\/","title":{"rendered":"Home"},"content":{"rendered":"\n<p class=\"has-text-align-center\" style=\"font-size:30px\">Herzlich Willkommen<\/p>\n\n\n\n<p class=\"has-text-align-center\">**************************<\/p>\n\n\n\n<p>Seit mehr als 25 Jahren behandeln und begleiten wir Fr\u00fchgeborene, S\u00e4uglinge, Klein- und Kindergartenkinder ebenso wie Schulkinder und Jugendliche mit all unserem fachlichen Wissen und unseren Erfahrungen.<\/p>\n\n\n\n<p>Wir sehen unsere Aufgabe in der individuellen, ganzheitlichen Behandlung und F\u00f6rderung der Kinder.<br>Es ist uns wichtig, Sie als Eltern mit in die Therapie einzubinden, damit sich ihr Kind entsprechend seinen M\u00f6glichkeiten gut entwickeln kann und Sie ihm in der t\u00e4glichen Umsetzung behilflich sein k\u00f6nnen.<\/p>\n\n\n\n<p>Auch der Austausch mit \u00c4rztInnen, anderen therapeutischen Berufsgruppen (z.B. Logop\u00e4die, Ergotherapie), P\u00e4dagogInnen, ErzieherInnen, Fr\u00fchf\u00f6rderung und Sanit\u00e4tsh\u00e4usern geh\u00f6rt f\u00fcr uns dazu.<\/p>\n\n\n\n<p>Haben Sie als Eltern Fragen zur Entwicklung Ihres Kindes, k\u00f6nnen Sie jederzeit mit uns einen Termin zur Vorstellung und Beratung vereinbaren. Diese Beratungstermine sind keine Kassenleistung.<\/p>\n","protected":false},"excerpt":{"rendered":"<p>Herzlich Willkommen ************************** Seit mehr als 25 Jahren behandeln und begleiten wir Fr\u00fchgeborene, S\u00e4uglinge, Klein- und Kindergartenkinder ebenso wie Schulkinder<\/p>\n","protected":false},"author":1,"featured_media":0,"parent":0,"menu_order":0,"comment_status":"closed","ping_status":"closed","template":"","meta":{"colormag_page_container_layout":"default_layout","colormag_page_sidebar_layout":"default_layout","ngg_post_thumbnail":0,"footnotes":""},"class_list":["post-52","page","type-page","status-publish","hentry"],"_links":{"self":[{"href":"https:\/\/kinder-therapiezentrum.de\/wordpress\/wp-json\/wp\/v2\/pages\/52","targetHints":{"allow":["GET"]}}],"collection":[{"href":"https:\/\/kinder-therapiezentrum.de\/wordpress\/wp-json\/wp\/v2\/pages"}],"about":[{"href":"https:\/\/kinder-therapiezentrum.de\/wordpress\/wp-json\/wp\/v2\/types\/page"}],"author":[{"embeddable":true,"href":"https:\/\/kinder-therapiezentrum.de\/wordpress\/wp-json\/wp\/v2\/users\/1"}],"replies":[{"embeddable":true,"href":"https:\/\/kinder-therapiezentrum.de\/wordpress\/wp-json\/wp\/v2\/comments?post=52"}],"version-history":[{"count":24,"href":"https:\/\/kinder-therapiezentrum.de\/wordpress\/wp-json\/wp\/v2\/pages\/52\/revisions"}],"predecessor-version":[{"id":479,"href":"https:\/\/kinder-therapiezentrum.de\/wordpress\/wp-json\/wp\/v2\/pages\/52\/revisions\/479"}],"wp:attachment":[{"href":"https:\/\/kinder-therapiezentrum.de\/wordpress\/wp-json\/wp\/v2\/media?parent=52"}],"curies":[{"name":"wp","href":"https:\/\/api.w.org\/{rel}","templated":true}]}}