{"id":125,"date":"2021-09-17T12:57:52","date_gmt":"2021-09-17T10:57:52","guid":{"rendered":"https:\/\/kinder-therapiezentrum.de\/wordpress\/?page_id=125"},"modified":"2023-10-03T16:52:47","modified_gmt":"2023-10-03T14:52:47","slug":"impressum","status":"publish","type":"page","link":"https:\/\/kinder-therapiezentrum.de\/wordpress\/impressum\/","title":{"rendered":"Impressum"},"content":{"rendered":"\n<figure class=\"wp-block-image alignleft size-thumbnail\"><img loading=\"lazy\" decoding=\"async\" width=\"150\" height=\"150\" src=\"https:\/\/kinder-therapiezentrum.de\/wordpress\/wp-content\/uploads\/2022\/04\/Logo_links-150x150.jpg\" alt=\"\" class=\"wp-image-236\" srcset=\"https:\/\/kinder-therapiezentrum.de\/wordpress\/wp-content\/uploads\/2022\/04\/Logo_links-150x150.jpg 150w, https:\/\/kinder-therapiezentrum.de\/wordpress\/wp-content\/uploads\/2022\/04\/Logo_links-300x300.jpg 300w, https:\/\/kinder-therapiezentrum.de\/wordpress\/wp-content\/uploads\/2022\/04\/Logo_links-370x370.jpg 370w, https:\/\/kinder-therapiezentrum.de\/wordpress\/wp-content\/uploads\/2022\/04\/Logo_links.jpg 512w\" sizes=\"auto, (max-width: 150px) 100vw, 150px\" \/><\/figure>\n\n\n\n<p>Oedemer Weg 80<br>D-21335 L\u00fcneburg<\/p>\n\n\n\n<p>Telefon: 04131 404277<br>Telefax: 04131 2257739<br>E-Mail: <a href=\"mailto:info@kinder-therapiezentrum.de\" data-type=\"mailto\" data-id=\"mailto:info@kinder-therapiezentrum.de\">info@kinder-therapiezentrum.de<\/a><\/p>\n\n\n\n<p>Vertretungsberechtigt: Dietlind St\u00fcber<br><\/p>\n\n\n\n<p><strong>Verantwortlich f\u00fcr den Inhalt nach \u00a755 Abs. 2 RStV:<br><\/strong>Dietlind St\u00fcber<br>Kinder-Therapiezentrum<br>Oedemer Weg 80<br>D-21335 L\u00fcneburg<\/p>\n\n\n\n<p><strong>Haftungsausschluss<\/strong><br>Wir haben die Inhalte unserer Webseite nach bestem Wissen und Gewissen erstellt. Wir bitten um Verst\u00e4ndnis, dass wir dennoch keine Garantie daf\u00fcr \u00fcbernehmen,&nbsp;dass die bereitgestellten Informationen in jedem Fall vollst\u00e4ndig, richtig und aktuell sind.<br>Trotz vorheriger inhaltlicher Pr\u00fcfung \u00fcbernehmen wir auch keine Haftung f\u00fcr die Inhalte externer Webseiten, die \u00fcber Hyperlinks zur Nutzung bereitgestellt werden. Bei diesen Seiten handelt es sich um fremde Angebote, f\u00fcr deren Inhalte ausschlie\u00dflich deren Betreiber verantwortlich sind. Sollten Ihnen Rechtsverst\u00f6\u00dfe oder sonstige unangemessene Inhalte auf einer verlinkten Seite auffallen, bitten wir um einen entsprechenden Hinweis, damit wir den Link l\u00f6schen k\u00f6nnen.<\/p>\n\n\n\n<p><\/p>\n","protected":false},"excerpt":{"rendered":"<p>Oedemer Weg 80D-21335 L\u00fcneburg Telefon: 04131 404277Telefax: 04131 2257739E-Mail: info@kinder-therapiezentrum.de Vertretungsberechtigt: Dietlind St\u00fcber Verantwortlich f\u00fcr den Inhalt nach \u00a755 Abs.<\/p>\n","protected":false},"author":1,"featured_media":0,"parent":0,"menu_order":0,"comment_status":"closed","ping_status":"closed","template":"","meta":{"colormag_page_container_layout":"default_layout","colormag_page_sidebar_layout":"default_layout","ngg_post_thumbnail":0,"footnotes":""},"class_list":["post-125","page","type-page","status-publish","hentry"],"_links":{"self":[{"href":"https:\/\/kinder-therapiezentrum.de\/wordpress\/wp-json\/wp\/v2\/pages\/125","targetHints":{"allow":["GET"]}}],"collection":[{"href":"https:\/\/kinder-therapiezentrum.de\/wordpress\/wp-json\/wp\/v2\/pages"}],"about":[{"href":"https:\/\/kinder-therapiezentrum.de\/wordpress\/wp-json\/wp\/v2\/types\/page"}],"author":[{"embeddable":true,"href":"https:\/\/kinder-therapiezentrum.de\/wordpress\/wp-json\/wp\/v2\/users\/1"}],"replies":[{"embeddable":true,"href":"https:\/\/kinder-therapiezentrum.de\/wordpress\/wp-json\/wp\/v2\/comments?post=125"}],"version-history":[{"count":10,"href":"https:\/\/kinder-therapiezentrum.de\/wordpress\/wp-json\/wp\/v2\/pages\/125\/revisions"}],"predecessor-version":[{"id":438,"href":"https:\/\/kinder-therapiezentrum.de\/wordpress\/wp-json\/wp\/v2\/pages\/125\/revisions\/438"}],"wp:attachment":[{"href":"https:\/\/kinder-therapiezentrum.de\/wordpress\/wp-json\/wp\/v2\/media?parent=125"}],"curies":[{"name":"wp","href":"https:\/\/api.w.org\/{rel}","templated":true}]}}